{"id":568,"date":"2022-04-13T11:30:23","date_gmt":"2022-04-13T09:30:23","guid":{"rendered":"https:\/\/fiimpactinvesting.org\/privacy-policy\/"},"modified":"2024-06-27T13:40:45","modified_gmt":"2024-06-27T11:40:45","slug":"politica-de-privacidad","status":"publish","type":"page","link":"https:\/\/fiimpactinvesting.org\/es\/politica-de-privacidad\/","title":{"rendered":"Pol\u00edtica de Privacidad"},"content":{"rendered":"<p>Publicado: 30\/03\/2021 \/ Modificado: 13\/09\/2022<\/p>\n<p>1.- \u00bfQui\u00e9n es el Responsable del tratamiento de tus datos?<br \/>\n2. \u00bfCu\u00e1l es la finalidad del tratamiento de tus datos?<br \/>\n3. \u00bfPor cu\u00e1nto tiempo conservaremos tus datos?<br \/>\n4. \u00bfCu\u00e1l es la legitimaci\u00f3n para el tratamiento de tus datos?<br \/>\n5. \u00bfSe comunican tus datos a otros destinatarios?<br \/>\n6. \u00bfQu\u00e9 derechos tienes al facilitarnos tus datos?<br \/>\n7. \u00bfC\u00f3mo puedes ejercitar tus derechos?<br \/>\n8. \u00bfQu\u00e9 puedes hacer si tus derechos no han sido atendidos?<br \/>\n9. Enlaces a otras webs<\/p>\n<p>Desde la Fundaci\u00f3n Social Nest, en adelante Social Nest, estamos comprometidos con la defensa de los derechos de protecci\u00f3n de datos personales de nuestros clientes y contactos por ello publicamos esta informaci\u00f3n, con el fin de informar debidamente:<\/p>\n<p>\u25cf De sus derechos y del uso de esta web ANTES de facilitar los datos;<br \/>\n\u25cf De las medidas que garantizan la salvaguarda e integridad de los datos;<br \/>\n\u25cf Para que el consentimiento previo al env\u00edo de datos por su parte pueda estar debidamente fundamentado.<\/p>\n<p>Todo ello cumpliendo con todas las obligaciones legalmente dispuestas en la Ley Org\u00e1nica 3\/2018, de 5 de diciembre, de Protecci\u00f3n de Datos Personales y garant\u00eda de los derechos digitales. y en el Reglamento Europeo de Protecci\u00f3n de Datos (RGPD), as\u00ed como toda la normativa espa\u00f1ola y europea aplicable a esta materia.<\/p>\n<p>Por ello, cualquier usuario que desee informaci\u00f3n, debe marcar obligatoriamente la opci\u00f3n de haber le\u00eddo y aceptado la pol\u00edtica de privacidad del sitio web, el aviso legal y la pol\u00edtica de cookies.<\/p>\n<p>1.- \u00bfQui\u00e9n es el Responsable del tratamiento de tus datos?<\/p>\n<p>Nombre FUNDACI\u00d3N SOCIAL NEST<br \/>\nCIF G-98748510<br \/>\nLocalizaci\u00f3n La Terminal, La Marina de Valencia, Calle de la Traves\u00eda, S\/N, 46024 Valencia, Espa\u00f1a<br \/>\nEmail lopd@socialnest.org<\/p>\n<p>Redes Facebook: @socialnest_org<br \/>\nLinkedIn: @socialnest<br \/>\nInstagram: @socialnest<br \/>\nDatos Inscripci\u00f3n C\/ POETA ARTOLA 29 \u2013 16B. 46021 -VALENCIA<br \/>\nN.\u00ba de registro 46-0214<\/p>\n<p>2. \u00bfCu\u00e1l es la finalidad del tratamiento de tus datos?<\/p>\n<p>Los datos recogidos a trav\u00e9s de los formularios de la web se usan para llevar a cabo diferentes tipos de tratamientos de datos:<\/p>\n<p>CONTACTO: Los datos que recojamos por esta v\u00eda ser\u00e1n tratados para poder facilitarte la informaci\u00f3n necesaria sobre los servicios que ofrecemos y los que estas interesado.<\/p>\n<p>HIST\u00d3RICO: Tratamiento de datos necesario para poder disponer de un hist\u00f3rico de consultas, que permitan la gesti\u00f3n posterior.<\/p>\n<p>SELECCI\u00d3N Y CONTRATACI\u00d3N DE PERSONAL, CV: Tratamiento de datos necesario en caso de que el interesado quiera remitir su CV para que sea tenido en cuenta en futuribles procesos de selecci\u00f3n de personal, pr\u00e1cticas, etc. Los interesados aceptan y atienden expresamente que los datos puedan ser gestionados por terceros, indicados en el apartado correspondiente.<\/p>\n<p>NEWSLETTER: Tratamiento de datos para poder recibir informaci\u00f3n peri\u00f3dica.<\/p>\n<p>PARTNERS: Tratamiento de datos con la finalidad de llevar a cabo alg\u00fan tipo de colaboraci\u00f3n, mecenazgo o patrocinio con SocialNest Foundation.<\/p>\n<p>PROGRAMAS: Tratamiento de datos necesario para poder gestionar la aplicaci\u00f3n a los diferentes programas, los cuales, a su vez, dispondr\u00e1n de sus propias bases y condiciones que el usuario tendr\u00e1 que aceptar en caso de que desee aplicar.<\/p>\n<p>3. \u00bfPor cu\u00e1nto tiempo conservaremos tus datos?<\/p>\n<p>Los datos personales recogidos a trav\u00e9s de los formularios de la web se conservar\u00e1n durante el tiempo necesario para poder llevar a cabo la finalidad del tratamiento por el que fueron facilitados. Una vez se ha dado fin al tratamiento, los datos b\u00e1sicos de contacto podr\u00e1n permanecer en una base de datos hist\u00f3rica a los efectos de poder facilitar gestiones posteriores. Una vez terminada la relaci\u00f3n se mantendr\u00e1n bloqueados s\u00f3lo con el fin de cumplir las posibles obligaciones legales.<\/p>\n<p>4. \u00bfCu\u00e1l es la legitimaci\u00f3n para el tratamiento de tus datos?<\/p>\n<p>Legalmente podemos tratar los datos que te solicitamos al habernos proporcionado tu consentimiento para poder hacerlo. Esto es as\u00ed porque has manifestado expresamente tu consentimiento mediante la activaci\u00f3n de la casilla he le\u00eddo y acepto.<\/p>\n<p>5. \u00bfSe comunican tus datos a otros destinatarios?<\/p>\n<p>Los datos que introduces en la web no ser\u00e1n comunicados a otras entidades, salvo por imperativo legal o para poder dar cumplimiento al objeto para el cual fueron facilitados.<\/p>\n<p>Tus datos se recogen a trav\u00e9s de los formularios insertados en nuestra web que est\u00e1 alojada en los servidores de la empresa BANAHOSTING situada en Alemania, pero con sede en USA.<\/p>\n<p>Puedes consultar su pol\u00edtica de privacidad en:<br \/>\nhttps:\/\/banahosting.com\/privacy-policy<\/p>\n<p>En cuanto a la gesti\u00f3n de recursos humanos (selecci\u00f3n de personal) la gesti\u00f3n de la misma se encomienda a Zubi Labs S.L. con sede en Espa\u00f1a. Puedes consultar su pol\u00edtica de privacidad en https:\/\/zubilabs.com\/legal\/politica-privacidad\/<\/p>\n<p>6. \u00bfQu\u00e9 derechos tienes al facilitarnos tus datos?<\/p>\n<p>Son los siguientes:<br \/>\nDerecho de informaci\u00f3n: tienes derecho a ser informado de forma clara ANTES de que tus datos sean recogidos sobre qu\u00e9 datos tuyos est\u00e1n siendo tratados, con qu\u00e9 finalidad se tratan, donde han conseguido los datos y si los van a comunicar o los han comunicado a alguien.<\/p>\n<p>Derecho de acceso: para conocer qu\u00e9 datos tuyos est\u00e1n siendo tratados, con qu\u00e9 finalidad se tratan, donde han conseguido los datos y si los van a comunicar o los han comunicado a alguien.<\/p>\n<p>Derecho de rectificaci\u00f3n: para modificar aquellos datos tuyos inexactos o incompletos.<\/p>\n<p>Derecho de cancelaci\u00f3n: para cancelar tus datos inadecuados o excesivos.<\/p>\n<p>Derecho de oposici\u00f3n: para evitar que se traten tus datos o que dejen de tratarse, aunque s\u00f3lo en los supuestos que establece la ley.<\/p>\n<p>Derecho de limitaci\u00f3n del tratamiento: para solicitar que se suspenda el tratamiento de datos en los supuestos que establece la ley.<\/p>\n<p>Derecho a la portabilidad de los datos: para poder recibir tus datos facilitados en un formato electr\u00f3nico estructurado y de uso habitual y poder transmitirlos a otro responsable.<\/p>\n<p>Derecho a no ser objeto de decisiones individualizadas: con el fin de que no se tome una decisi\u00f3n sobre ti que produzca efectos jur\u00eddicos o te afecte basada s\u00f3lo en el tratamiento de tus datos.<\/p>\n<p>7. \u00bfC\u00f3mo puedes ejercitar tus derechos?<\/p>\n<p>Para ejercer cualquiera de tus derechos deber\u00e1s solicitarlo al email lopd@socialnest.org<br \/>\nincluyendo:<\/p>\n<p>1.- Fotocopia del dni (pasaporte u otro documento de identidad) o firma electr\u00f3nica.<br \/>\n2.- Contenido de la petici\u00f3n que realizas y si fuera necesario, los documentos que la acreditan.<br \/>\n3.- Direcci\u00f3n (a efectos de notificaciones), fecha y firma<\/p>\n<p>Si ejercitas tus derechos por un representante voluntario expresamente designado, deber\u00e1s aportar el documento o instrumento electr\u00f3nico que acredite la representaci\u00f3n.<\/p>\n<p>En el caso de que el titular de los datos fuera menor de edad o incapacitado, se ejercitar\u00e1 los derechos por su representante legal debidamente acreditado.<\/p>\n<p>8. \u00bfQu\u00e9 puedes hacer si tus derechos no han sido atendidos?<\/p>\n<p>En caso de que consideres que no hemos satisfecho tu petici\u00f3n, puedes presentar una reclamaci\u00f3n a la Agencia Espa\u00f1ola de Protecci\u00f3n de Datos en el apartado de su web:<br \/>\nhttps:\/\/sedeagpd.gob.es\/sede-electronica-web\/vistas\/formNuevaReclamacion\/reclamacion.jsf<\/p>\n<p>9. Enlaces a otras webs<\/p>\n<p>Esta pol\u00edtica de privacidad s\u00f3lo se aplica a los datos personales recabados a trav\u00e9s de nuestra web, pero esta web contiene enlaces a otras p\u00e1ginas web por lo que Social Nest no es responsable de las pr\u00e1cticas de privacidad de esas otras webs.<\/p>\n<p>Es decir, al pinchar en uno de estos enlaces est\u00e1n abandonando nuestra web por lo que deber\u00edas leer las pol\u00edticas de privacidad de esas otras webs que recaben datos personales.<\/p>\n<p>Si quieres m\u00e1s informaci\u00f3n, la Agencia Espa\u00f1ola de Protecci\u00f3n de Datos ha editado una gu\u00eda del ciudadano, puedes acceder en: https:\/\/www.aepd.es\/media\/guias\/guia-ciudadano.pdf<\/p>\n","protected":false},"excerpt":{"rendered":"Publicado: 30\/03\/2021 \/ Modificado: 13\/09\/2022 1.- \u00bfQui\u00e9n es el Responsable del tratamiento de tus datos? 2. \u00bfCu\u00e1l es la finalidad del tratamiento de tus datos? &#8230;","protected":false},"author":1,"featured_media":0,"parent":0,"menu_order":0,"comment_status":"closed","ping_status":"closed","template":"page.php","meta":{"footnotes":""},"class_list":["post-568","page","type-page","status-publish","hentry"],"acf":[],"_links":{"self":[{"href":"https:\/\/fiimpactinvesting.org\/es\/wp-json\/wp\/v2\/pages\/568","targetHints":{"allow":["GET"]}}],"collection":[{"href":"https:\/\/fiimpactinvesting.org\/es\/wp-json\/wp\/v2\/pages"}],"about":[{"href":"https:\/\/fiimpactinvesting.org\/es\/wp-json\/wp\/v2\/types\/page"}],"author":[{"embeddable":true,"href":"https:\/\/fiimpactinvesting.org\/es\/wp-json\/wp\/v2\/users\/1"}],"replies":[{"embeddable":true,"href":"https:\/\/fiimpactinvesting.org\/es\/wp-json\/wp\/v2\/comments?post=568"}],"version-history":[{"count":4,"href":"https:\/\/fiimpactinvesting.org\/es\/wp-json\/wp\/v2\/pages\/568\/revisions"}],"predecessor-version":[{"id":1564,"href":"https:\/\/fiimpactinvesting.org\/es\/wp-json\/wp\/v2\/pages\/568\/revisions\/1564"}],"wp:attachment":[{"href":"https:\/\/fiimpactinvesting.org\/es\/wp-json\/wp\/v2\/media?parent=568"}],"curies":[{"name":"wp","href":"https:\/\/api.w.org\/{rel}","templated":true}]}}