{"id":539,"date":"2022-04-13T12:14:53","date_gmt":"2022-04-13T10:14:53","guid":{"rendered":"https:\/\/fiimpactinvesting.org\/cookies-policy\/"},"modified":"2022-08-17T16:01:11","modified_gmt":"2022-08-17T14:01:11","slug":"politica-de-cookies","status":"publish","type":"page","link":"https:\/\/fiimpactinvesting.org\/es\/politica-de-cookies\/","title":{"rendered":"Pol\u00edtica de Cookies"},"content":{"rendered":"<p>Publicado: 20\/04\/2022<\/p>\n<p>La mera visita de nuestra web no supone que nos est\u00e9s facilitando dato personal alguno ni est\u00e1s obligado a ello.<\/p>\n<p>Sin embargo, hemos de informarte que, para poder funcionar correctamente y ofrecerte un mejor servicio la Fundaci\u00f3n Social Nest, en adelante Social Nest, puede hacer uso o activar diferentes cookies.<\/p>\n<h3>1. \u00bfQu\u00e9 es una cookie?<\/h3>\n<p>Entendemos por cookies el conjunto de caracteres que se almacenan en el disco duro o en la memoria temporal del ordenador de un usuario cuando accede a las p\u00e1ginas de determinados sitios web.<\/p>\n<h3 class=\"title-section\">2. \u00bfQu\u00e9 tipos de cookies existen?<\/h3>\n<p>Existen diferentes tipos de cookies, dependiendo del servicio que prestan.<\/p>\n<p>Seg\u00fan la finalidad para la que se traten los datos obtenidos a trav\u00e9s de las cookies, podemos distinguir entre:<\/p>\n<ul>\n<li><strong>Cookies t\u00e9cnicas<\/strong>: aqu\u00e9llas que permiten al usuario la navegaci\u00f3n a trav\u00e9s de una p\u00e1gina web, plataforma o aplicaci\u00f3n y la utilizaci\u00f3n de las diferentes opciones o servicios que en ella existan como, por ejemplo, controlar el tr\u00e1fico y la comunicaci\u00f3n de datos, identificar la sesi\u00f3n, acceder a partes de acceso restringido, recordar los elementos que integran un pedido, realizar el proceso de compra de un pedido, realizar la solicitud de inscripci\u00f3n o participaci\u00f3n en un evento, utilizar elementos de seguridad durante la navegaci\u00f3n, almacenar contenidos para la difusi\u00f3n de v\u00eddeos o sonido o compartir contenidos a trav\u00e9s de redes sociales.<\/li>\n<li><strong>Cookies de personalizaci\u00f3n<\/strong>: son aqu\u00e9llas que permiten al usuario acceder al servicio con algunas caracter\u00edsticas de car\u00e1cter general predefinidas en funci\u00f3n de una serie de criterios en el terminal del usuario como por ejemplo ser\u00edan el idioma, el tipo de navegador a trav\u00e9s del cual accede al servicio, la configuraci\u00f3n regional desde donde accede al servicio, etc.<\/li>\n<li><strong>Cookies de an\u00e1lisis<\/strong>: son aqu\u00e9llas que permiten al responsable de las mismas, el seguimiento y an\u00e1lisis del comportamiento de los usuarios de los sitios web a los que est\u00e1n vinculadas. La informaci\u00f3n recogida mediante este tipo de cookies se utiliza en la medici\u00f3n de la actividad de los sitios web, aplicaci\u00f3n o plataforma y para la elaboraci\u00f3n de perfiles de navegaci\u00f3n de los usuarios de dichos sitios, aplicaciones y plataformas, con el fin de introducir mejoras en funci\u00f3n del an\u00e1lisis de los datos de uso que hacen los usuarios del servicio.<\/li>\n<li><strong>Cookies publicitarias<\/strong>: son aquellas que permiten la gesti\u00f3n, de la forma m\u00e1s eficaz posible, de los espacios publicitarios que, en su caso, el editor haya incluido en una p\u00e1gina web, aplicaci\u00f3n o plataforma desde la que presta el servicio solicitado en base a criterios como el contenido editado o la frecuencia en la que se muestran los anuncios.<\/li>\n<li><strong>Cookies de publicidad comportamental<\/strong>: son aquellas que permiten la gesti\u00f3n, de la forma m\u00e1s eficaz posible, de los espacios publicitarios que, en su caso, el editor haya incluido en una p\u00e1gina web, aplicaci\u00f3n o plataforma desde la que presta el servicio solicitado. Estas cookies almacenan informaci\u00f3n del comportamiento de los usuarios obtenida a trav\u00e9s de la observaci\u00f3n continuada de sus h\u00e1bitos de navegaci\u00f3n, lo que permite desarrollar un perfil espec\u00edfico para mostrar publicidad en funci\u00f3n del mismo.<\/li>\n<\/ul>\n<h3>3. \u00bfQu\u00e9 nivel de intrusi\u00f3n producen?<\/h3>\n<p>En funci\u00f3n del tipo de cookies utilizadas, tambi\u00e9n se obtienen diferentes tipos de datos, y por lo tanto, el nivel de intrusi\u00f3n es variable. Podemos establecer tres niveles de intrusi\u00f3n:<\/p>\n<ul>\n<li><strong>Nivel 1 o cookies no intrusivas<\/strong>: son cookies de inicio de sesi\u00f3n en sitios donde existen usuarios registrados, carritos de la compra, preferencias de visualizaci\u00f3n&#8230; son inherentes al sistema y su bloqueo provocar\u00eda no poder usar los servicios solicitados. (T\u00e9cnicas, de personalizaci\u00f3n)<\/li>\n<li><strong>Nivel 2 o m\u00ednimamente intrusivas<\/strong>: son cookies de uso propio vinculadas a servicios de terceros, como por ejemplo, las anal\u00edticas y estad\u00edsticas. Un ejemplo pueden ser las cookies usadas por Google Analytics o Yahoo Web Analytics. (de an\u00e1lisis)<\/li>\n<li><strong>Nivel 3 o moderadamente intrusivas<\/strong>: proporcionadas, administradas y de uso de terceros con el fin de obtener datos para emplazamientos publicitarios (banners) o el uso de contenido de car\u00e1cter social (plugin de redes sociales) y que deben estar autorizadas expresamente por el usuario. En el caso de las cookies de car\u00e1cter social, el consentimiento se hace en los propios sitios de las redes sociales. (Publicitarias, de publicidad comportamental)<\/li>\n<\/ul>\n<h3>4. \u00bfQu\u00e9 cookies recoge nuestra web?<\/h3>\n<p>El usuario acepta el uso de cookies y seguimientos de IPs. Nuestro analizador de tr\u00e1fico del sitio web utiliza cookies y seguimientos de IPs que nos permiten recoger datos a efectos estad\u00edsticos como: fecha de la primera visita, n\u00famero de veces que se ha visitado, fecha de la \u00faltima visita, URL y dominio de la que proviene, explorador utilizado y resoluci\u00f3n de la pantalla.<\/p>\n<p>A continuaci\u00f3n, os ofrecemos un listado de las cookies generadas por www.socialnest.org y el nivel de intrusi\u00f3n de las mismas, de modo que puedas comprobar que solamente utilizaremos las cookies necesarias para prestar el servicio, y el nivel de intrusi\u00f3n es el m\u00ednimo posible. Adem\u00e1s de las cookies generadas por www.socialnest.org pueden existir cookies de terceros, generadas por el propio navegador, sistema operativo, herramientas de seguimiento de tr\u00e1fico, etc.<\/p>\n<p>Queremos informarte de que estas cookies son NO INTRUSIVAS. No podemos especificarlas todas ya que depende desde qu\u00e9 sistema operativo o navegador acceda el usuario a la web si, en alg\u00fan momento detectamos la presencia de cookies con un PERFIL ALTO de intrusi\u00f3n, te informaremos debidamente, solicitando de forma expresa que aceptes que las utilicemos durante tu navegaci\u00f3n.<\/p>\n<p>NOMBRE DE COOKIE: 1P_JAR, ANID, AID, APISID, CONSENT, HSID, NID, OGPC, SAPISID, SID, SEARCH_SAMESITE, SSID, SIDCC,_Secure-3PAPISID, _Seccure-3PSID, _Secure-APISID, _secure-HSID, _Secure-SSID, DV, _ga.<\/p>\n<p>SEG\u00daN SU GESTOR (propias o de terceros): Google Analytics.<\/p>\n<p>FINALIDAD DE LA COOKIE: Identificaci\u00f3n de usuarios y recopilaci\u00f3n de informaci\u00f3n.<\/p>\n<p>NIVEL DE INTRUSI\u00d3N: MEDIO.<\/p>\n<p>DURACI\u00d3N (de sesi\u00f3n o permanente): De sesi\u00f3n- M\u00e1x. 2 a\u00f1os.<\/p>\n<h3>5. \u00bfPuedo configurar el navegador para impedir la instalaci\u00f3n de cookies?<\/h3>\n<p>S\u00ed, tienes la opci\u00f3n de configurar tu navegador para ser avisado en pantalla de la recepci\u00f3n de cookies y para impedir la instalaci\u00f3n de cookies en tu disco duro, si bien, no te lo recomendamos ya que es posible que pierda parte de sus funcionalidades, no puedas acceder a diferentes partes de la web o aprovecharte de alguno de nuestros servicios, y porque, a grandes rasgos una de las ventajas es la comodidad de no tener que incluir tus datos cada vez que entres en tu perfil en nuestra web.<\/p>\n<p>La forma en que debes configurarlo depender\u00e1 de las caracter\u00edsticas de tu navegador. Puedes restringir, bloquear o borrar las cookies de cualquier p\u00e1gina web, a trav\u00e9s de tu navegador, las instrucciones para cada uno son las siguientes:<\/p>\n<p>Para m\u00e1s informaci\u00f3n sobre Google Chrome &lt;a target=\u00bb_blank\u00bb href=\u00bbhttps:\/\/support.google.com\/chrome\/answer\/95647?hl=es\u00bb&gt;pincha aqu\u00ed&lt;\/a&gt;.<br \/>\nPara m\u00e1s informaci\u00f3n sobre Firefox &lt;a target=\u00bb_blank\u00bb href=\u00bbhttps:\/\/support.mozilla.org\/es\/kb\/habilitar-y-deshabilitar-cookies-sitios-web-rastrear-preferencias?redirectlocale=es&amp;redirectslug=habilitar-y-deshabilitar-cookies-que-los-sitios-we\u00bb&gt;pincha aqu\u00ed&lt;\/a&gt;.<br \/>\nPara m\u00e1s informaci\u00f3n sobre Internet Explorer &lt;a target=\u00bb_blank\u00bb href=\u00bbhttps:\/\/support.microsoft.com\/es-es\/windows\/eliminar-y-administrar-cookies-168dab11-0753-043d-7c16-ede5947fc64d\u00bb&gt;pincha aqu\u00ed&lt;\/a&gt;.<br \/>\nPara m\u00e1s informaci\u00f3n sobre Opera &lt;a target=\u00bb_blank\u00bb href=\u00bbhttps:\/\/help.opera.com\/en\/latest\/web-preferences\/\u00bb&gt;pincha aqu\u00ed&lt;\/a&gt;.<br \/>\nPara m\u00e1s informaci\u00f3n sobre Safari &lt;a target=\u00bb_blank\u00bb href=\u00bbhttps:\/\/support.apple.com\/es-es\/guide\/safari\/sfri11471\/mac\u00bb&gt;pincha aqu\u00ed&lt;\/a&gt;.<\/p>\n<p>En el caso de las cookies activadas por la herramienta &lt;a target=\u00bb_blank\u00bb href=\u00bbhttps:\/\/marketingplatform.google.com\/about\/\u00bb&gt;Google Analytics&lt;\/a&gt; os facilitamos la informaci\u00f3n de estas cookies de la propia web del programador: &lt;a target=\u00bb_blank\u00bb href=\u00bbhttps:\/\/www.google.es\/intl\/es\/policies\/technologies\/types\/\u00bb&gt;https:\/\/www.google.es\/intl\/es\/policies\/technologies\/types\/&lt;\/a&gt;<\/p>\n<p>En el caso de las cookies de redes sociales externas que se utilizan para que los visitantes puedan interactuar con el contenido de diferentes plataformas sociales y que se generan \u00fanicamente para los usuarios de dichas redes sociales, las condiciones de utilizaci\u00f3n de estas cookies y la informaci\u00f3n recopilada se regulan por la pol\u00edtica de privacidad de la plataforma social correspondiente.<\/p>\n<ul>\n<li>Facebook &lt;a target=\u00bb_blank\u00bb href=\u00bbhttps:\/\/www.facebook.com\/policies\/cookies\/\u00bb&gt;M\u00e1s informaci\u00f3n&lt;\/a&gt;<\/li>\n<li>LinkedIn &lt;a target=\u00bb_blank\u00bb href=\u00bbhttps:\/\/www.linkedin.com\/legal\/privacy-policy\u00bb&gt;M\u00e1s informaci\u00f3n&lt;\/a&gt;<\/li>\n<li>Twitter &lt;a target=\u00bb_blank\u00bb href=\u00bbhttps:\/\/help.twitter.com\/es\/rules-and-policies\/twitter-cookies\u00bb&gt;M\u00e1s informaci\u00f3n&lt;\/a&gt;<\/li>\n<\/ul>\n","protected":false},"excerpt":{"rendered":"Publicado: 20\/04\/2022 La mera visita de nuestra web no supone que nos est\u00e9s facilitando dato personal alguno ni est\u00e1s obligado a ello. Sin embargo, hemos &#8230;","protected":false},"author":1,"featured_media":0,"parent":0,"menu_order":0,"comment_status":"closed","ping_status":"closed","template":"page.php","meta":{"footnotes":""},"class_list":["post-539","page","type-page","status-publish","hentry"],"acf":[],"_links":{"self":[{"href":"https:\/\/fiimpactinvesting.org\/es\/wp-json\/wp\/v2\/pages\/539","targetHints":{"allow":["GET"]}}],"collection":[{"href":"https:\/\/fiimpactinvesting.org\/es\/wp-json\/wp\/v2\/pages"}],"about":[{"href":"https:\/\/fiimpactinvesting.org\/es\/wp-json\/wp\/v2\/types\/page"}],"author":[{"embeddable":true,"href":"https:\/\/fiimpactinvesting.org\/es\/wp-json\/wp\/v2\/users\/1"}],"replies":[{"embeddable":true,"href":"https:\/\/fiimpactinvesting.org\/es\/wp-json\/wp\/v2\/comments?post=539"}],"version-history":[{"count":2,"href":"https:\/\/fiimpactinvesting.org\/es\/wp-json\/wp\/v2\/pages\/539\/revisions"}],"predecessor-version":[{"id":541,"href":"https:\/\/fiimpactinvesting.org\/es\/wp-json\/wp\/v2\/pages\/539\/revisions\/541"}],"wp:attachment":[{"href":"https:\/\/fiimpactinvesting.org\/es\/wp-json\/wp\/v2\/media?parent=539"}],"curies":[{"name":"wp","href":"https:\/\/api.w.org\/{rel}","templated":true}]}}